{"id":182,"date":"2009-10-16T18:11:01","date_gmt":"2009-10-16T22:11:01","guid":{"rendered":"http:\/\/slatur.is\/?page_id=182"},"modified":"2016-04-07T11:10:13","modified_gmt":"2016-04-07T11:10:13","slug":"about-slatur","status":"publish","type":"page","link":"https:\/\/www.slatur.is\/?page_id=182","title":{"rendered":"About S.L.\u00c1.T.U.R."},"content":{"rendered":"<p><a href=\"http:\/\/www.slatur.is\/wp-content\/uploads\/2009\/10\/bottleneck_glasgow.jpg\"><img decoding=\"async\" loading=\"lazy\" class=\"alignnone size-medium wp-image-1030\" src=\"http:\/\/www.slatur.is\/wp-content\/uploads\/2009\/10\/bottleneck_glasgow-300x200.jpg\" alt=\"bottleneck_glasgow\" width=\"300\" height=\"200\" srcset=\"https:\/\/www.slatur.is\/wp-content\/uploads\/2009\/10\/bottleneck_glasgow-300x200.jpg 300w, https:\/\/www.slatur.is\/wp-content\/uploads\/2009\/10\/bottleneck_glasgow-150x100.jpg 150w, https:\/\/www.slatur.is\/wp-content\/uploads\/2009\/10\/bottleneck_glasgow-400x267.jpg 400w, https:\/\/www.slatur.is\/wp-content\/uploads\/2009\/10\/bottleneck_glasgow.jpg 960w\" sizes=\"(max-width: 300px) 100vw, 300px\" \/><\/a>\u00a0 \u00a0 \u00a0 \u00a0 \u00a0 \u00a0 \u00a0 \u00a0 \u00a0 \u00a0 \u00a0 \u00a0 \u00a0 \u00a0 \u00a0 \u00a0 \u00a0\u00a0 \u00a0 \u00a0 \u00a0 \u00a0 \u00a0 \u00a0\u00a0 <a href=\"http:\/\/www.slatur.is\/wp-content\/uploads\/2009\/10\/IMG_0418.jpg\"><img decoding=\"async\" loading=\"lazy\" class=\"alignnone size-medium wp-image-1032\" src=\"http:\/\/www.slatur.is\/wp-content\/uploads\/2009\/10\/IMG_0418-225x300.jpg\" alt=\"IMG_0418\" width=\"225\" height=\"300\" srcset=\"https:\/\/www.slatur.is\/wp-content\/uploads\/2009\/10\/IMG_0418-225x300.jpg 225w, https:\/\/www.slatur.is\/wp-content\/uploads\/2009\/10\/IMG_0418-113x150.jpg 113w, https:\/\/www.slatur.is\/wp-content\/uploads\/2009\/10\/IMG_0418-400x533.jpg 400w, https:\/\/www.slatur.is\/wp-content\/uploads\/2009\/10\/IMG_0418.jpg 720w\" sizes=\"(max-width: 225px) 100vw, 225px\" \/><\/a><\/p>\n<p>&nbsp;<\/p>\n<p>&nbsp;<\/p>\n<p>S.L.\u00c1.T.U.R. is a composer collective centered in Reykjav\u00edk, Iceland. Since 2005 its members have been working on various types of experiments. These include animated notation using computer graphics, interactivity, various experiments with sounds and tunings, performance art and the development of limited and isolated musical universes. The members share ideas and methods freely while the final results are usually independent efforts.<\/p>\n<p>&nbsp;<\/p>\n<p>&nbsp;<\/p>\n<p>&nbsp;<\/p>\n<p><a href=\"http:\/\/www.slatur.is\/wp-content\/uploads\/2009\/10\/IMG_0425.jpg\"><img decoding=\"async\" loading=\"lazy\" class=\"alignnone size-medium wp-image-1035\" src=\"http:\/\/www.slatur.is\/wp-content\/uploads\/2009\/10\/IMG_0425-300x225.jpg\" alt=\"IMG_0425\" width=\"300\" height=\"225\" srcset=\"https:\/\/www.slatur.is\/wp-content\/uploads\/2009\/10\/IMG_0425-300x225.jpg 300w, https:\/\/www.slatur.is\/wp-content\/uploads\/2009\/10\/IMG_0425-150x113.jpg 150w, https:\/\/www.slatur.is\/wp-content\/uploads\/2009\/10\/IMG_0425-400x300.jpg 400w, https:\/\/www.slatur.is\/wp-content\/uploads\/2009\/10\/IMG_0425.jpg 960w\" sizes=\"(max-width: 300px) 100vw, 300px\" \/><\/a> \u00a0 \u00a0 \u00a0 \u00a0 \u00a0 \u00a0 \u00a0 \u00a0 \u00a0 \u00a0 \u00a0 \u00a0 \u00a0 \u00a0 \u00a0 \u00a0 <a href=\"http:\/\/www.slatur.is\/wp-content\/uploads\/2009\/10\/b3211e.jpeg\"><img decoding=\"async\" loading=\"lazy\" class=\"alignnone size-medium wp-image-1036\" src=\"http:\/\/www.slatur.is\/wp-content\/uploads\/2009\/10\/b3211e-225x300.jpeg\" alt=\"b3211e\" width=\"225\" height=\"300\" srcset=\"https:\/\/www.slatur.is\/wp-content\/uploads\/2009\/10\/b3211e-225x300.jpeg 225w, https:\/\/www.slatur.is\/wp-content\/uploads\/2009\/10\/b3211e-113x150.jpeg 113w, https:\/\/www.slatur.is\/wp-content\/uploads\/2009\/10\/b3211e-400x533.jpeg 400w, https:\/\/www.slatur.is\/wp-content\/uploads\/2009\/10\/b3211e.jpeg 450w\" sizes=\"(max-width: 225px) 100vw, 225px\" \/><\/a><\/p>\n<p>&nbsp;<\/p>\n<p>&nbsp;<\/p>\n<p>Collaboration plays an important role in creating all sorts of events, the collective hosts several concerts a year. For instance an annual festival called Sl\u00e1turt\u00ed\u00f0 (since 2009), New Years Concert (since 2007), The Trial for the Tripe (since 2009), participation in the Raflost Festival (since 2008) and bi-annual activites such as Composition Week and Summer Solstice Concert.<\/p>\n<p>&nbsp;<\/p>\n<p>&nbsp;<\/p>\n<p><a href=\"http:\/\/www.slatur.is\/wp-content\/uploads\/2009\/10\/314909_2008318003132_1099141720_31824372_740540320_n.jpg\"><img decoding=\"async\" loading=\"lazy\" class=\"alignnone size-medium wp-image-1039\" src=\"http:\/\/www.slatur.is\/wp-content\/uploads\/2009\/10\/314909_2008318003132_1099141720_31824372_740540320_n-300x200.jpg\" alt=\"314909_2008318003132_1099141720_31824372_740540320_n\" width=\"300\" height=\"200\" srcset=\"https:\/\/www.slatur.is\/wp-content\/uploads\/2009\/10\/314909_2008318003132_1099141720_31824372_740540320_n-300x200.jpg 300w, https:\/\/www.slatur.is\/wp-content\/uploads\/2009\/10\/314909_2008318003132_1099141720_31824372_740540320_n-150x100.jpg 150w, https:\/\/www.slatur.is\/wp-content\/uploads\/2009\/10\/314909_2008318003132_1099141720_31824372_740540320_n-400x267.jpg 400w, https:\/\/www.slatur.is\/wp-content\/uploads\/2009\/10\/314909_2008318003132_1099141720_31824372_740540320_n.jpg 720w\" sizes=\"(max-width: 300px) 100vw, 300px\" \/><\/a> \u00a0 \u00a0 \u00a0 \u00a0 \u00a0 \u00a0 \u00a0 \u00a0 \u00a0 \u00a0 \u00a0 \u00a0 \u00a0 \u00a0 \u00a0 \u00a0 <a href=\"http:\/\/www.slatur.is\/wp-content\/uploads\/2009\/10\/Pa\u0301ll-Ivan-Fossger\u00f0i-2008.png\"><img decoding=\"async\" loading=\"lazy\" class=\"alignnone size-medium wp-image-1040\" src=\"http:\/\/www.slatur.is\/wp-content\/uploads\/2009\/10\/Pa\u0301ll-Ivan-Fossger\u00f0i-2008-300x225.png\" alt=\"Pa\u0301ll Ivan - Fossger\u00f0i [2008]\" width=\"300\" height=\"225\" srcset=\"https:\/\/www.slatur.is\/wp-content\/uploads\/2009\/10\/Pa\u0301ll-Ivan-Fossger\u00f0i-2008-300x225.png 300w, https:\/\/www.slatur.is\/wp-content\/uploads\/2009\/10\/Pa\u0301ll-Ivan-Fossger\u00f0i-2008-150x112.png 150w, https:\/\/www.slatur.is\/wp-content\/uploads\/2009\/10\/Pa\u0301ll-Ivan-Fossger\u00f0i-2008-400x300.png 400w, https:\/\/www.slatur.is\/wp-content\/uploads\/2009\/10\/Pa\u0301ll-Ivan-Fossger\u00f0i-2008.png 617w\" sizes=\"(max-width: 300px) 100vw, 300px\" \/><\/a><\/p>\n<p>&nbsp;<\/p>\n<p>&nbsp;<\/p>\n<p>The organisation has hosted a monthly informal concert series and a weekly social gathering for people interested in various issues in the field of the artistically obtrusive. At one point it also held bi-weekly score reading gatherings (known as the right-wing) and N\u00f6rdic (or nerdic) evenings (known as the left wing).<\/p>\n<p>&nbsp;<\/p>\n<p>&nbsp;<\/p>\n<p><a href=\"http:\/\/www.slatur.is\/wp-content\/uploads\/2009\/10\/picture-12.jpg\"><img decoding=\"async\" loading=\"lazy\" class=\"alignnone size-medium wp-image-1041\" src=\"http:\/\/www.slatur.is\/wp-content\/uploads\/2009\/10\/picture-12-300x221.jpg\" alt=\"picture 12\" width=\"300\" height=\"221\" srcset=\"https:\/\/www.slatur.is\/wp-content\/uploads\/2009\/10\/picture-12-300x221.jpg 300w, https:\/\/www.slatur.is\/wp-content\/uploads\/2009\/10\/picture-12-150x110.jpg 150w, https:\/\/www.slatur.is\/wp-content\/uploads\/2009\/10\/picture-12-400x295.jpg 400w, https:\/\/www.slatur.is\/wp-content\/uploads\/2009\/10\/picture-12.jpg 550w\" sizes=\"(max-width: 300px) 100vw, 300px\" \/><\/a>\u00a0\u00a0\u00a0\u00a0\u00a0 \u00a0 \u00a0 \u00a0 \u00a0 \u00a0 \u00a0\u00a0 \u00a0\u00a0\u00a0\u00a0\u00a0\u00a0\u00a0\u00a0\u00a0\u00a0\u00a0\u00a0 <a href=\"http:\/\/www.slatur.is\/wp-content\/uploads\/2009\/10\/Sku\u0301lptu\u0301r-3-Leikvo\u0308llurinn.png\"><img decoding=\"async\" loading=\"lazy\" class=\"alignnone size-medium wp-image-1042\" src=\"http:\/\/www.slatur.is\/wp-content\/uploads\/2009\/10\/Sku\u0301lptu\u0301r-3-Leikvo\u0308llurinn-300x183.png\" alt=\"Sku\u0301lptu\u0301r #3 - Leikvo\u0308llurinn\" width=\"300\" height=\"183\" srcset=\"https:\/\/www.slatur.is\/wp-content\/uploads\/2009\/10\/Sku\u0301lptu\u0301r-3-Leikvo\u0308llurinn-300x183.png 300w, https:\/\/www.slatur.is\/wp-content\/uploads\/2009\/10\/Sku\u0301lptu\u0301r-3-Leikvo\u0308llurinn-1024x623.png 1024w, https:\/\/www.slatur.is\/wp-content\/uploads\/2009\/10\/Sku\u0301lptu\u0301r-3-Leikvo\u0308llurinn-150x91.png 150w, https:\/\/www.slatur.is\/wp-content\/uploads\/2009\/10\/Sku\u0301lptu\u0301r-3-Leikvo\u0308llurinn-400x244.png 400w, https:\/\/www.slatur.is\/wp-content\/uploads\/2009\/10\/Sku\u0301lptu\u0301r-3-Leikvo\u0308llurinn.png 1439w\" sizes=\"(max-width: 300px) 100vw, 300px\" \/><\/a><\/p>\n<p>&nbsp;<\/p>\n<p>&nbsp;<\/p>\n<p>In recent years recitals consisting specifically of S.L.\u00c1.T.U.R. material have been held in Berlin, New York, Glasgow, Los Angeles, Princeton University,\u00a0 Gothenburg, Oslo, \u00c5rhus, \u00c5lborg, Malm\u00f6, Istanbul and Volgovgrad. It&#8217;s been featured prominently in the Tectonics\u00a0 music festival in Reykjav\u00edk (2012-2015) and Glasgow (2014). Many of the composers that have been active in the organisation have had performances around the world and the BBC Scottish Symphony did a concert in October 2014 that featured works by 6 Icelandic composers 5 of which had some affiliation with S.L.\u00c1.T.U.R..<\/p>\n<p>&nbsp;<\/p>\n<p>&nbsp;<\/p>\n<p><a href=\"http:\/\/www.slatur.is\/wp-content\/uploads\/2009\/10\/slatur_aefing_Glasgow.jpg\"><img decoding=\"async\" loading=\"lazy\" class=\"alignnone size-medium wp-image-1043\" src=\"http:\/\/www.slatur.is\/wp-content\/uploads\/2009\/10\/slatur_aefing_Glasgow-300x300.jpg\" alt=\"slatur_aefing_Glasgow\" width=\"300\" height=\"300\" srcset=\"https:\/\/www.slatur.is\/wp-content\/uploads\/2009\/10\/slatur_aefing_Glasgow-300x300.jpg 300w, https:\/\/www.slatur.is\/wp-content\/uploads\/2009\/10\/slatur_aefing_Glasgow-150x150.jpg 150w, https:\/\/www.slatur.is\/wp-content\/uploads\/2009\/10\/slatur_aefing_Glasgow-400x400.jpg 400w, https:\/\/www.slatur.is\/wp-content\/uploads\/2009\/10\/slatur_aefing_Glasgow.jpg 403w\" sizes=\"(max-width: 300px) 100vw, 300px\" \/><\/a> \u00a0 \u00a0 \u00a0 \u00a0 \u00a0 \u00a0 \u00a0 \u00a0 \u00a0 \u00a0 \u00a0 \u00a0 \u00a0 \u00a0\u00a0 <a href=\"http:\/\/www.slatur.is\/wp-content\/uploads\/2009\/10\/HAU_5090.jpg\"><img decoding=\"async\" loading=\"lazy\" class=\"alignnone size-medium wp-image-1044\" src=\"http:\/\/www.slatur.is\/wp-content\/uploads\/2009\/10\/HAU_5090-300x199.jpg\" alt=\"HAU_5090\" width=\"300\" height=\"199\" srcset=\"https:\/\/www.slatur.is\/wp-content\/uploads\/2009\/10\/HAU_5090-300x199.jpg 300w, https:\/\/www.slatur.is\/wp-content\/uploads\/2009\/10\/HAU_5090-150x99.jpg 150w, https:\/\/www.slatur.is\/wp-content\/uploads\/2009\/10\/HAU_5090-400x265.jpg 400w, https:\/\/www.slatur.is\/wp-content\/uploads\/2009\/10\/HAU_5090.jpg 1000w\" sizes=\"(max-width: 300px) 100vw, 300px\" \/><\/a><\/p>\n<p>&nbsp;<\/p>\n<p>Sl\u00e1tur is loosely and informally affiliated with various other initiatives in Reykjav\u00edk and elsewhere, including the ensembles Fengjastr\u00fatur and Skmendanikka, the concert series Ja\u00f0arber and Hlj\u00f3\u00f0\u00f6n, and has received tremendous support from the Reykjav\u00edk Art Museum, the Icelandic National Radio (R\u00fav), the Iceland Symphony Orchestra via the Tectonics Festival, the Icelandic Ministry of Culture Science and Education and \u00dat\u00f3n.<\/p>\n<p>&nbsp;<\/p>\n<p><a href=\"http:\/\/www.slatur.is\/wp-content\/uploads\/2009\/10\/HAU_5098.jpg\"><img decoding=\"async\" loading=\"lazy\" class=\"alignnone size-medium wp-image-1045\" src=\"http:\/\/www.slatur.is\/wp-content\/uploads\/2009\/10\/HAU_5098-300x199.jpg\" alt=\"HAU_5098\" width=\"300\" height=\"199\" srcset=\"https:\/\/www.slatur.is\/wp-content\/uploads\/2009\/10\/HAU_5098-300x199.jpg 300w, https:\/\/www.slatur.is\/wp-content\/uploads\/2009\/10\/HAU_5098-150x99.jpg 150w, https:\/\/www.slatur.is\/wp-content\/uploads\/2009\/10\/HAU_5098-400x265.jpg 400w, https:\/\/www.slatur.is\/wp-content\/uploads\/2009\/10\/HAU_5098.jpg 1000w\" sizes=\"(max-width: 300px) 100vw, 300px\" \/><\/a> \u00a0 \u00a0 \u00a0 \u00a0 \u00a0 \u00a0 \u00a0 \u00a0 \u00a0 \u00a0 \u00a0 \u00a0 \u00a0 \u00a0\u00a0 <a href=\"http:\/\/www.slatur.is\/wp-content\/uploads\/2009\/10\/HAU_5095.jpg\"><img decoding=\"async\" loading=\"lazy\" class=\"alignnone size-medium wp-image-1046\" src=\"http:\/\/www.slatur.is\/wp-content\/uploads\/2009\/10\/HAU_5095-300x199.jpg\" alt=\"HAU_5095\" width=\"300\" height=\"199\" srcset=\"https:\/\/www.slatur.is\/wp-content\/uploads\/2009\/10\/HAU_5095-300x199.jpg 300w, https:\/\/www.slatur.is\/wp-content\/uploads\/2009\/10\/HAU_5095-150x99.jpg 150w, https:\/\/www.slatur.is\/wp-content\/uploads\/2009\/10\/HAU_5095-400x265.jpg 400w, https:\/\/www.slatur.is\/wp-content\/uploads\/2009\/10\/HAU_5095.jpg 1000w\" sizes=\"(max-width: 300px) 100vw, 300px\" \/><\/a><\/p>\n<p>&nbsp;<\/p>\n<p>In 2009 the organisation released the CD Hefti 1\/Volume 1. Up until recently little material has been available on recordings that represents the organisation as a whole although soon this will be subject to change.<\/p>\n<p>&nbsp;<\/p>\n<p>&nbsp;<\/p>\n<p>&nbsp;<\/p>\n<p><a href=\"http:\/\/www.slatur.is\/wp-content\/uploads\/2009\/10\/HAU_5070.jpg\"><img decoding=\"async\" loading=\"lazy\" class=\"alignnone size-medium wp-image-1047\" src=\"http:\/\/www.slatur.is\/wp-content\/uploads\/2009\/10\/HAU_5070-300x199.jpg\" alt=\"HAU_5070\" width=\"300\" height=\"199\" srcset=\"https:\/\/www.slatur.is\/wp-content\/uploads\/2009\/10\/HAU_5070-300x199.jpg 300w, https:\/\/www.slatur.is\/wp-content\/uploads\/2009\/10\/HAU_5070-150x99.jpg 150w, https:\/\/www.slatur.is\/wp-content\/uploads\/2009\/10\/HAU_5070-400x265.jpg 400w, https:\/\/www.slatur.is\/wp-content\/uploads\/2009\/10\/HAU_5070.jpg 1000w\" sizes=\"(max-width: 300px) 100vw, 300px\" \/><\/a> \u00a0 \u00a0 \u00a0 \u00a0 \u00a0 \u00a0 \u00a0 \u00a0 \u00a0 \u00a0 \u00a0 \u00a0 \u00a0 \u00a0 \u00a0 \u00a0 \u00a0 \u00a0 \u00a0 \u00a0 \u00a0 \u00a0 \u00a0 \u00a0 <a href=\"http:\/\/www.slatur.is\/wp-content\/uploads\/2009\/10\/HAU_5091.jpg\"><img decoding=\"async\" loading=\"lazy\" class=\"alignnone size-medium wp-image-1048\" src=\"http:\/\/www.slatur.is\/wp-content\/uploads\/2009\/10\/HAU_5091-199x300.jpg\" alt=\"HAU_5091\" width=\"199\" height=\"300\" srcset=\"https:\/\/www.slatur.is\/wp-content\/uploads\/2009\/10\/HAU_5091-199x300.jpg 199w, https:\/\/www.slatur.is\/wp-content\/uploads\/2009\/10\/HAU_5091-99x150.jpg 99w, https:\/\/www.slatur.is\/wp-content\/uploads\/2009\/10\/HAU_5091-400x603.jpg 400w, https:\/\/www.slatur.is\/wp-content\/uploads\/2009\/10\/HAU_5091.jpg 663w\" sizes=\"(max-width: 199px) 100vw, 199px\" \/><\/a><\/p>\n<p>&nbsp;<\/p>\n<p>&nbsp;<\/p>\n<p>If you have any questions or inquiries you are free to send us a message at slatur [(((with in internet speak)))] slatur dot is<\/p>\n<p>&nbsp;<\/p>\n<p>&nbsp;<\/p>\n<p>&nbsp;<\/p>\n<p>&nbsp;<\/p>\n<p>&nbsp;<\/p>\n<p><a href=\"http:\/\/www.slatur.is\/wp-content\/uploads\/2009\/10\/HAU_5056.jpg\"><img decoding=\"async\" loading=\"lazy\" class=\"alignnone size-medium wp-image-1049\" src=\"http:\/\/www.slatur.is\/wp-content\/uploads\/2009\/10\/HAU_5056-300x199.jpg\" alt=\"HAU_5056\" width=\"300\" height=\"199\" srcset=\"https:\/\/www.slatur.is\/wp-content\/uploads\/2009\/10\/HAU_5056-300x199.jpg 300w, https:\/\/www.slatur.is\/wp-content\/uploads\/2009\/10\/HAU_5056-150x99.jpg 150w, https:\/\/www.slatur.is\/wp-content\/uploads\/2009\/10\/HAU_5056-400x265.jpg 400w, https:\/\/www.slatur.is\/wp-content\/uploads\/2009\/10\/HAU_5056.jpg 1000w\" sizes=\"(max-width: 300px) 100vw, 300px\" \/><\/a>\u00a0\u00a0\u00a0\u00a0\u00a0\u00a0\u00a0\u00a0\u00a0\u00a0\u00a0\u00a0\u00a0\u00a0\u00a0\u00a0\u00a0\u00a0\u00a0\u00a0\u00a0\u00a0\u00a0\u00a0\u00a0\u00a0\u00a0\u00a0\u00a0 <a href=\"http:\/\/www.slatur.is\/wp-content\/uploads\/2012\/09\/photo.jpg\"><img decoding=\"async\" loading=\"lazy\" class=\"alignnone size-medium wp-image-932\" src=\"http:\/\/www.slatur.is\/wp-content\/uploads\/2012\/09\/photo-300x225.jpg\" alt=\"photo\" width=\"300\" height=\"225\" srcset=\"https:\/\/www.slatur.is\/wp-content\/uploads\/2012\/09\/photo-300x225.jpg 300w, https:\/\/www.slatur.is\/wp-content\/uploads\/2012\/09\/photo-1024x768.jpg 1024w, https:\/\/www.slatur.is\/wp-content\/uploads\/2012\/09\/photo-150x112.jpg 150w, https:\/\/www.slatur.is\/wp-content\/uploads\/2012\/09\/photo-400x300.jpg 400w\" sizes=\"(max-width: 300px) 100vw, 300px\" \/><\/a><\/p>\n<p>&nbsp;<\/p>\n<p>&nbsp;<\/p>\n<p>&nbsp;<\/p>\n<p>&nbsp;<\/p>\n<p>The overall objective of the organization is to very gradually develop an entirely new culture.<\/p>\n<p>&nbsp;<\/p>\n<p>&nbsp;<\/p>\n<p>&nbsp;<\/p>\n<p>&nbsp;<\/p>\n<p>&nbsp;<\/p>\n<p>&nbsp;<\/p>\n<p><img decoding=\"async\" loading=\"lazy\" class=\"alignnone size-medium wp-image-199\" title=\"slaturludur2\" src=\"http:\/\/slatur.is\/wp-content\/uploads\/2009\/10\/slaturludur2-300x200.jpg\" alt=\"slaturludur2\" width=\"300\" height=\"200\" srcset=\"https:\/\/www.slatur.is\/wp-content\/uploads\/2009\/10\/slaturludur2-300x200.jpg 300w, https:\/\/www.slatur.is\/wp-content\/uploads\/2009\/10\/slaturludur2.jpg 666w\" sizes=\"(max-width: 300px) 100vw, 300px\" \/>\u00a0\u00a0\u00a0\u00a0\u00a0\u00a0\u00a0\u00a0 \u00a0 \u00a0 \u00a0 \u00a0 \u00a0 \u00a0 \u00a0 \u00a0\u00a0\u00a0\u00a0\u00a0\u00a0 <a href=\"http:\/\/www.slatur.is\/wp-content\/uploads\/2011\/05\/gardur-trompet.jpg\"><img decoding=\"async\" loading=\"lazy\" class=\"alignnone size-medium wp-image-847\" src=\"http:\/\/www.slatur.is\/wp-content\/uploads\/2011\/05\/gardur-trompet-300x199.jpg\" alt=\"gardur-trompet\" width=\"300\" height=\"199\" srcset=\"https:\/\/www.slatur.is\/wp-content\/uploads\/2011\/05\/gardur-trompet-300x199.jpg 300w, https:\/\/www.slatur.is\/wp-content\/uploads\/2011\/05\/gardur-trompet-150x99.jpg 150w, https:\/\/www.slatur.is\/wp-content\/uploads\/2011\/05\/gardur-trompet-400x266.jpg 400w, https:\/\/www.slatur.is\/wp-content\/uploads\/2011\/05\/gardur-trompet.jpg 800w\" sizes=\"(max-width: 300px) 100vw, 300px\" \/><\/a><\/p>\n","protected":false},"excerpt":{"rendered":"<p>\u00a0 \u00a0 \u00a0 \u00a0 \u00a0 \u00a0 \u00a0 \u00a0 \u00a0 \u00a0 \u00a0 \u00a0 \u00a0 \u00a0 \u00a0 \u00a0 \u00a0\u00a0 \u00a0 \u00a0 \u00a0 \u00a0 \u00a0 \u00a0\u00a0 &nbsp; &nbsp; S.L.\u00c1.T.U.R. is a composer collective centered in Reykjav\u00edk, Iceland. Since 2005 its members have been working on various types of experiments. These include animated notation using computer graphics, interactivity, various [&hellip;]<\/p>\n","protected":false},"author":1,"featured_media":0,"parent":0,"menu_order":0,"comment_status":"open","ping_status":"open","template":"","meta":[],"_links":{"self":[{"href":"https:\/\/www.slatur.is\/index.php?rest_route=\/wp\/v2\/pages\/182"}],"collection":[{"href":"https:\/\/www.slatur.is\/index.php?rest_route=\/wp\/v2\/pages"}],"about":[{"href":"https:\/\/www.slatur.is\/index.php?rest_route=\/wp\/v2\/types\/page"}],"author":[{"embeddable":true,"href":"https:\/\/www.slatur.is\/index.php?rest_route=\/wp\/v2\/users\/1"}],"replies":[{"embeddable":true,"href":"https:\/\/www.slatur.is\/index.php?rest_route=%2Fwp%2Fv2%2Fcomments&post=182"}],"version-history":[{"count":11,"href":"https:\/\/www.slatur.is\/index.php?rest_route=\/wp\/v2\/pages\/182\/revisions"}],"predecessor-version":[{"id":1078,"href":"https:\/\/www.slatur.is\/index.php?rest_route=\/wp\/v2\/pages\/182\/revisions\/1078"}],"wp:attachment":[{"href":"https:\/\/www.slatur.is\/index.php?rest_route=%2Fwp%2Fv2%2Fmedia&parent=182"}],"curies":[{"name":"wp","href":"https:\/\/api.w.org\/{rel}","templated":true}]}}